{"id":11096,"date":"2024-07-31T15:35:35","date_gmt":"2024-07-31T13:35:35","guid":{"rendered":"https:\/\/www.pecomcare.it\/personalisierte-ernaehrungsplaene\/"},"modified":"2025-10-05T10:45:00","modified_gmt":"2025-10-05T08:45:00","slug":"personalisierte-ernaehrungsplaene","status":"publish","type":"page","link":"https:\/\/www.pecomcare.it\/de\/personalisierte-ernaehrungsplaene\/","title":{"rendered":"Personalisierte Ern\u00e4hrungspl\u00e4ne"},"content":{"rendered":"<div class=\"wpb-content-wrapper\"><p>[vc_row full_width=&#8220;stretch_row_content&#8220; equal_height=&#8220;yes&#8220; woodmart_css_id=&#8220;61095a62261de&#8220; responsive_spacing=&#8220;eyJwYXJhbV90eXBlIjoid29vZG1hcnRfcmVzcG9uc2l2ZV9zcGFjaW5nIiwic2VsZWN0b3JfaWQiOiI2MTA5NWE2MjI2MWRlIiwic2hvcnRjb2RlIjoidmNfcm93IiwiZGF0YSI6eyJ0YWJsZXQiOnt9LCJtb2JpbGUiOnt9fX0=&#8220; mobile_bg_img_hidden=&#8220;no&#8220; tablet_bg_img_hidden=&#8220;no&#8220; woodmart_parallax=&#8220;0&#8243; woodmart_gradient_switch=&#8220;no&#8220; row_reverse_mobile=&#8220;0&#8243; row_reverse_tablet=&#8220;0&#8243; woodmart_disable_overflow=&#8220;0&#8243;][vc_column css=&#8220;.vc_custom_1726730768004{padding-top: 185px !important;padding-bottom: 185px !important;background-image: url(https:\/\/www.pecomcare.it\/wp-content\/uploads\/2024\/09\/Piani_Alimentari_F3D.jpg?id=11146) !important;background-position: center !important;background-repeat: no-repeat !important;background-size: contain !important;}&#8220; offset=&#8220;vc_col-md-6 vc_col-xs-12&#8243; woodmart_css_id=&#8220;66ebd1d2b84c7&#8243; responsive_spacing=&#8220;eyJwYXJhbV90eXBlIjoid29vZG1hcnRfcmVzcG9uc2l2ZV9zcGFjaW5nIiwic2VsZWN0b3JfaWQiOiI2NmViZDFkMmI4NGM3Iiwic2hvcnRjb2RlIjoidmNfY29sdW1uIiwiZGF0YSI6eyJ0YWJsZXQiOnt9LCJtb2JpbGUiOnt9fX0=&#8220; parallax_scroll=&#8220;no&#8220; mobile_bg_img_hidden=&#8220;no&#8220; tablet_bg_img_hidden=&#8220;no&#8220; woodmart_parallax=&#8220;0&#8243; woodmart_sticky_column=&#8220;false&#8220; mobile_reset_margin=&#8220;no&#8220; tablet_reset_margin=&#8220;no&#8220; wd_collapsible_content_switcher=&#8220;no&#8220; wd_column_role_offcanvas_desktop=&#8220;no&#8220; wd_column_role_offcanvas_tablet=&#8220;no&#8220; wd_column_role_offcanvas_mobile=&#8220;no&#8220; wd_column_role_content_desktop=&#8220;no&#8220; wd_column_role_content_tablet=&#8220;no&#8220; wd_column_role_content_mobile=&#8220;no&#8220; woodmart_box_shadow=&#8220;no&#8220; wd_z_index=&#8220;no&#8220;][\/vc_column][vc_column css=&#8220;.vc_custom_1627990324858{padding-top: 70px !important;padding-right: 10% !important;padding-bottom: 60px !important;padding-left: 10% !important;}&#8220; offset=&#8220;vc_col-md-6 vc_col-xs-12&#8243; woodmart_css_id=&#8220;6109292f82b2c&#8220; responsive_spacing=&#8220;eyJwYXJhbV90eXBlIjoid29vZG1hcnRfcmVzcG9uc2l2ZV9zcGFjaW5nIiwic2VsZWN0b3JfaWQiOiI2MTA5MjkyZjgyYjJjIiwic2hvcnRjb2RlIjoidmNfY29sdW1uIiwiZGF0YSI6eyJ0YWJsZXQiOnt9LCJtb2JpbGUiOnsicGFkZGluZy10b3AiOiI0MCIsInBhZGRpbmctYm90dG9tIjoiMzAifX19&#8243; parallax_scroll=&#8220;no&#8220; mobile_bg_img_hidden=&#8220;no&#8220; tablet_bg_img_hidden=&#8220;no&#8220; woodmart_parallax=&#8220;0&#8243; woodmart_sticky_column=&#8220;false&#8220; mobile_reset_margin=&#8220;no&#8220; tablet_reset_margin=&#8220;no&#8220;]\n\t\t<div id=\"wd-66aa3d604a820\" class=\"title-wrapper wd-wpb wd-set-mb reset-last-child  wd-rs-66aa3d604a820 wd-title-color-default wd-title-style-default text-left  wd-underline-colored\">\n\t\t\t\n\t\t\t<div class=\"liner-continer\">\n\t\t\t\t<h4 class=\"woodmart-title-container title  wd-font-weight- wd-fontsize-xxl\" >Personalisierte Ern\u00e4hrungspl\u00e4ne<\/h4>\n\t\t\t\t\t\t\t<\/div>\n\t\t\t\n\t\t\t\n\t\t\t\n\t\t<\/div>\n\t\t\n\t\t[vc_column_text css=&#8220;&#8220; woodmart_inline=&#8220;no&#8220; text_larger=&#8220;no&#8220;]<\/p>\n<h1>Ma\u00dfgeschneiderte Di\u00e4t in Bozen: Die Rolle des TDEE und die Bedeutung der Ern\u00e4hrung<\/h1>\n<h2>Einf\u00fchrung<\/h2>\n<p>Die <strong>ma\u00dfgeschneiderte Di\u00e4t in Bozen<\/strong> beginnt mit einem gr\u00fcndlichen Verst\u00e4ndnis des <strong>t\u00e4glichen Gesamtenergieverbrauchs (TDEE<\/strong> ) jedes Einzelnen. Der TDEE stellt die Gesamtenergiemenge dar, die eine Person an einem Tag verbraucht, und umfasst mehrere Schl\u00fcsselkomponenten:<\/p>\n<ul>\n<li><strong>Grundumsatz (BMR)<\/strong><\/li>\n<li><strong>Thermische Wirkung von Lebensmitteln (TEF)<\/strong><\/li>\n<li><strong>Nicht-trainingsbedingte Aktivit\u00e4ts-Thermogenese (NEAT)<\/strong><\/li>\n<li><strong>Sportliche Aktivit\u00e4t Thermogenese (TEA)<\/strong><\/li>\n<\/ul>\n<p>Diese Messung ist entscheidend f\u00fcr die Erstellung einer Di\u00e4t, die speziell auf den Energie- und N\u00e4hrstoffbedarf jedes Einzelnen abgestimmt ist.<\/p>\n<h2>Was ist der TDEE-Wert und warum ist er wichtig?<\/h2>\n<p>Der <strong>TDEE<\/strong> ist die Summe der Energie, die der K\u00f6rper f\u00fcr lebenswichtige Funktionen verbraucht<strong>(BMR<\/strong>), der Energie, die f\u00fcr die Verdauung der Nahrung ben\u00f6tigt wird<strong>(TEF<\/strong>), der Energie, die f\u00fcr t\u00e4gliche, nicht-trainingsbezogene Aktivit\u00e4ten aufgewendet wird<strong>(NEAT<\/strong>) und der Energie, die w\u00e4hrend k\u00f6rperlicher Aktivit\u00e4t verbraucht wird<strong>(TEA<\/strong>). Wenn Sie Ihren TDEE-Wert kennen, k\u00f6nnen Sie die Kalorienzufuhr kalibrieren, die Sie ben\u00f6tigen:<\/p>\n<ul>\n<li><strong>Gewicht beibehalten<\/strong><\/li>\n<li><strong>Abnehmen<\/strong><\/li>\n<li><strong>Gewichtszunahme<\/strong><\/li>\n<\/ul>\n<p>Alles auf kontrollierte und wissenschaftliche Weise, was f\u00fcr eine optimale Ern\u00e4hrung unerl\u00e4sslich ist.<\/p>\n<h2>Die Wichtigkeit eines aktiven Lebens<\/h2>\n<p>Ein aktives Leben tr\u00e4gt erheblich zur <strong>NEAT<\/strong> bei, einer Schl\u00fcsselkomponente des TDEE, insbesondere bei Menschen, die nicht k\u00f6rperlich aktiv sind. Regelm\u00e4\u00dfige, auch nicht intensive k\u00f6rperliche Aktivit\u00e4t ist wichtig f\u00fcr:<\/p>\n<ul>\n<li><strong>Aufrechterhaltung eines effizienten Stoffwechsels<\/strong><\/li>\n<li><strong>F\u00f6rderung der optimalen K\u00f6rperzusammensetzung<\/strong><\/li>\n<li><strong>Vermeidung des Jojo-Effekts bei Di\u00e4ten<\/strong><\/li>\n<li><strong>Verbesserung des allgemeinen psychophysischen Wohlbefindens<\/strong><\/li>\n<\/ul>\n<h2>Di\u00e4ten anpassen<\/h2>\n<p>Die <strong>mediterrane Ern\u00e4hrung<\/strong> mit ihrer Ausgewogenheit an Makron\u00e4hrstoffen ist eine hervorragende Grundlage, die sich an viele Ern\u00e4hrungsbed\u00fcrfnisse anpassen l\u00e4sst. In unserem Ern\u00e4hrungszentrum in Bozen erforschen wir auch andere Ern\u00e4hrungsoptionen und passen sie an:<\/p>\n<ul>\n<li><strong>Intermittierendes Fasten 16\/8<\/strong>: erh\u00f6ht die Zufriedenheit mit den Mahlzeiten.<\/li>\n<li><strong>Zonendi\u00e4t<\/strong>: Verteilt die Makron\u00e4hrstoffe effektiv \u00fcber den Tag.<\/li>\n<li><strong>Kohlenhydratarme Di\u00e4ten<\/strong>: Atkins, Dukan oder ketogene Ern\u00e4hrung.<\/li>\n<li><strong>Paleo, vegane oder vegetarische Ern\u00e4hrung<\/strong>: angepasst an spezifische W\u00fcnsche und Bed\u00fcrfnisse.<\/li>\n<\/ul>\n<p>Wir glauben, dass die L\u00f6sung f\u00fcr eine gesunde, ausgewogene und dauerhafte Ern\u00e4hrung darin besteht, ein echtes Bewusstsein f\u00fcr Lebensmittel bei den Menschen zu schaffen, die besser leben und sich in ihrem K\u00f6rper wohler f\u00fchlen wollen.<\/p>\n<h2>Die N\u00fctzlichkeit des FIT 3D Bodyscanners<\/h2>\n<p>Um einen hochmodernen Ern\u00e4hrungsservice in Bozen anbieten zu k\u00f6nnen, nutzen wir fortschrittliche technologische Hilfsmittel wie den <a href=\"https:\/\/www.a-wave.it\/fit-3d-body-scanner\/\"><br \/>\n  <strong>FIT 3D K\u00f6rper-Scanner<\/strong><br \/>\n<\/a>. Dieses Ger\u00e4t f\u00fchrt in nur 35 Sekunden einen Ganzk\u00f6rperscan durch und erfasst dabei wichtige Daten wie z. B.:<\/p>\n<ul>\n<li><strong>K\u00f6rperumf\u00e4nge<\/strong><\/li>\n<li><strong>Gewicht<\/strong><\/li>\n<li><strong>Analyse der K\u00f6rperhaltung<\/strong><\/li>\n<li><strong>K\u00f6rperzusammensetzung<\/strong><\/li>\n<li><strong>Hydratationsgrad<\/strong><\/li>\n<\/ul>\n<h3><a href=\"https:\/\/www.pecomcare.it\/de\/2024\/10\/body-scanner-fit3d-nutrizione-sportiva\/\">Vorteile des 3D-K\u00f6rperscanners<\/a><\/h3>\n<ul>\n<li><strong>Genaue Einsch\u00e4tzung<\/strong> der Startbedingungen.<\/li>\n<li><strong>Effektive \u00dcberwachung<\/strong> der Fortschritte im Laufe der Zeit.<\/li>\n<li><strong>Starker Motivationsschub<\/strong>, der die erzielten Verbesserungen zeigt.<\/li>\n<li><strong>Detaillierte Informationen<\/strong> zur Erstellung Ihres individuellen Ern\u00e4hrungsprogramms.<\/li>\n<\/ul>\n<h2>Bibliographie und wissenschaftliche Herangehensweise<\/h2>\n<p>Unsere Methodik basiert auf validierter und aktueller Forschung. Studien wie die von <strong>Westerterp (2017)<\/strong> zeigen, wie k\u00f6rperliche Aktivit\u00e4t und die Wahl der Ern\u00e4hrung den TDEE und den gesamten Stoffwechsel direkt beeinflussen. Dies ist von grundlegender Bedeutung f\u00fcr:<\/p>\n<ul>\n<li><strong>Ausgleich der Kalorienzufuhr<\/strong> bei kalorienarmen Di\u00e4ten.<\/li>\n<li><strong>Gehen Sie allm\u00e4hlich<\/strong> zu einem normokalorischen Regime \u00fcber.<\/li>\n<li><strong>F\u00f6rdern Sie Gewichtsstabilit\u00e4t<\/strong> und langfristige Gesundheit.<\/li>\n<\/ul>\n<p><strong>Literaturverzeichnis:<\/strong><\/p>\n<ul>\n<li>Westerterp, K. R. (2017). <em>Control of energy expenditure in humans.<\/em> European Journal of Clinical Nutrition, 71(3), 340-344.<\/li>\n<\/ul>\n<h2>Warum eine personalisierte Di\u00e4t in Bozen mit uns w\u00e4hlen<\/h2>\n<p>Bei der Anpassung des Di\u00e4tplans geht es nicht nur um die Berechnung von Kalorien, sondern um ein ganzheitliches Verst\u00e4ndnis des individuellen Wohlbefindens, das ber\u00fccksichtigt:<\/p>\n<ul>\n<li><strong>Pers\u00f6nliche Vorlieben<\/strong><\/li>\n<li><strong>Lebensgewohnheiten<\/strong><\/li>\n<li><strong>Spezifische Ziele<\/strong><\/li>\n<\/ul>\n<p>Die <strong>PECOM-Klinik<\/strong> in Bozen (Trentino-S\u00fcdtirol) bietet Ihnen seri\u00f6se und qualifizierte Unterst\u00fctzung bei Ihrer Suche nach einer <strong>ma\u00dfgeschneiderten Di\u00e4t<\/strong> und einer verbesserten Ern\u00e4hrung.[\/vc_column_text][\/vc_column][\/vc_row][vc_row][vc_column css=&#8220;.vc_custom_1722432284542{margin-top: 20px !important;margin-bottom: 20px !important;}&#8220; woodmart_css_id=&#8220;66aa3b169dc55&#8243; parallax_scroll=&#8220;no&#8220; woodmart_sticky_column=&#8220;false&#8220; wd_collapsible_content_switcher=&#8220;no&#8220; wd_column_role_offcanvas_desktop=&#8220;no&#8220; wd_column_role_offcanvas_tablet=&#8220;no&#8220; wd_column_role_offcanvas_mobile=&#8220;no&#8220; wd_column_role_content_desktop=&#8220;no&#8220; wd_column_role_content_tablet=&#8220;no&#8220; wd_column_role_content_mobile=&#8220;no&#8220; mobile_bg_img_hidden=&#8220;no&#8220; tablet_bg_img_hidden=&#8220;no&#8220; woodmart_parallax=&#8220;0&#8243; woodmart_box_shadow=&#8220;no&#8220; responsive_spacing=&#8220;eyJwYXJhbV90eXBlIjoid29vZG1hcnRfcmVzcG9uc2l2ZV9zcGFjaW5nIiwic2VsZWN0b3JfaWQiOiI2NmFhM2IxNjlkYzU1Iiwic2hvcnRjb2RlIjoidmNfY29sdW1uIiwiZGF0YSI6eyJ0YWJsZXQiOnt9LCJtb2JpbGUiOnt9fX0=&#8220; mobile_reset_margin=&#8220;no&#8220; tablet_reset_margin=&#8220;no&#8220; wd_z_index=&#8220;no&#8220;]<div id=\"wd-65686bff729d5\" class=\" wd-rs-65686bff729d5  wd-button-wrapper text-center\"><a href=\"https:\/\/www.pecomcare.it\/de\/kontakt\/\" title=\"Kontakt\" class=\"btn btn-color-primary btn-style-default btn-shape-semi-round btn-size-large\">Bitte um Informationen<\/a><\/div>[\/vc_column][\/vc_row]<\/p>\n<\/div>","protected":false},"excerpt":{"rendered":"<p>[vc_row full_width=&#8220;stretch_row_content&#8220; equal_height=&#8220;yes&#8220; woodmart_css_id=&#8220;61095a62261de&#8220; responsive_spacing=&#8220;eyJwYXJhbV90eXBlIjoid29vZG1hcnRfcmVzcG9uc2l2ZV9zcGFjaW5nIiwic2VsZWN0b3JfaWQiOiI2MTA5NWE2MjI2MWRlIiwic2hvcnRjb2RlIjoidmNfcm93IiwiZGF0YSI6eyJ0YWJsZXQiOnt9LCJtb2JpbGUiOnt9fX0=&#8220; mobile_bg_img_hidden=&#8220;no&#8220; tablet_bg_img_hidden=&#8220;no&#8220; woodmart_parallax=&#8220;0&#8243; woodmart_gradient_switch=&#8220;no&#8220; row_reverse_mobile=&#8220;0&#8243; row_reverse_tablet=&#8220;0&#8243; woodmart_disable_overflow=&#8220;0&#8243;][vc_column css=&#8220;.vc_custom_1726730768004{padding-top: 185px !important;padding-bottom: 185px !important;background-image: url(https:\/\/www.pecomcare.it\/wp-content\/uploads\/2024\/09\/Piani_Alimentari_F3D.jpg?id=11146) !important;background-position: center<\/p>\n","protected":false},"author":3,"featured_media":0,"parent":0,"menu_order":0,"comment_status":"closed","ping_status":"closed","template":"","meta":{"_joinchat":[],"footnotes":""},"class_list":["post-11096","page","type-page","status-publish","hentry"],"yoast_head":"<!-- This site is optimized with the Yoast SEO plugin v27.3 - https:\/\/yoast.com\/product\/yoast-seo-wordpress\/ -->\n<title>Ma\u00dfgeschneiderte Ern\u00e4hrung in Bozen - Personalisierte Ern\u00e4hrungspl\u00e4ne - %<\/title>\n<meta name=\"description\" content=\"Ma\u00dfgeschneiderte Ern\u00e4hrung in Bozen: Ma\u00dfgeschneiderte Ern\u00e4hrung kann Ihnen helfen, Ihre Gesundheits- und Wellnessziele zu erreichen.\" \/>\n<meta name=\"robots\" content=\"index, follow, max-snippet:-1, max-image-preview:large, max-video-preview:-1\" \/>\n<link rel=\"canonical\" href=\"https:\/\/www.pecomcare.it\/de\/personalisierte-ernaehrungsplaene\/\" \/>\n<meta property=\"og:locale\" content=\"de_DE\" \/>\n<meta property=\"og:type\" content=\"article\" \/>\n<meta property=\"og:title\" content=\"Ma\u00dfgeschneiderte Ern\u00e4hrung in Bozen - Personalisierte Ern\u00e4hrungspl\u00e4ne - %\" \/>\n<meta property=\"og:description\" content=\"Ma\u00dfgeschneiderte Ern\u00e4hrung in Bozen: Ma\u00dfgeschneiderte Ern\u00e4hrung kann Ihnen helfen, Ihre Gesundheits- und Wellnessziele zu erreichen.\" \/>\n<meta property=\"og:url\" content=\"https:\/\/www.pecomcare.it\/de\/personalisierte-ernaehrungsplaene\/\" \/>\n<meta property=\"og:site_name\" content=\"Pecom\" \/>\n<meta property=\"article:modified_time\" content=\"2025-10-05T08:45:00+00:00\" \/>\n<meta name=\"twitter:card\" content=\"summary_large_image\" \/>\n<meta name=\"twitter:label1\" content=\"Gesch\u00e4tzte Lesezeit\" \/>\n\t<meta name=\"twitter:data1\" content=\"6\u00a0Minuten\" \/>\n<script type=\"application\/ld+json\" class=\"yoast-schema-graph\">{\"@context\":\"https:\\\/\\\/schema.org\",\"@graph\":[{\"@type\":\"WebPage\",\"@id\":\"https:\\\/\\\/www.pecomcare.it\\\/de\\\/personalisierte-ernaehrungsplaene\\\/\",\"url\":\"https:\\\/\\\/www.pecomcare.it\\\/de\\\/personalisierte-ernaehrungsplaene\\\/\",\"name\":\"Ma\u00dfgeschneiderte Ern\u00e4hrung in Bozen - Personalisierte Ern\u00e4hrungspl\u00e4ne - %\",\"isPartOf\":{\"@id\":\"https:\\\/\\\/www.pecomcare.it\\\/de\\\/#website\"},\"datePublished\":\"2024-07-31T13:35:35+00:00\",\"dateModified\":\"2025-10-05T08:45:00+00:00\",\"description\":\"Ma\u00dfgeschneiderte Ern\u00e4hrung in Bozen: Ma\u00dfgeschneiderte Ern\u00e4hrung kann Ihnen helfen, Ihre Gesundheits- und Wellnessziele zu erreichen.\",\"breadcrumb\":{\"@id\":\"https:\\\/\\\/www.pecomcare.it\\\/de\\\/personalisierte-ernaehrungsplaene\\\/#breadcrumb\"},\"inLanguage\":\"de\",\"potentialAction\":[{\"@type\":\"ReadAction\",\"target\":[\"https:\\\/\\\/www.pecomcare.it\\\/de\\\/personalisierte-ernaehrungsplaene\\\/\"]}]},{\"@type\":\"BreadcrumbList\",\"@id\":\"https:\\\/\\\/www.pecomcare.it\\\/de\\\/personalisierte-ernaehrungsplaene\\\/#breadcrumb\",\"itemListElement\":[{\"@type\":\"ListItem\",\"position\":1,\"name\":\"Home\",\"item\":\"https:\\\/\\\/www.pecomcare.it\\\/de\\\/\"},{\"@type\":\"ListItem\",\"position\":2,\"name\":\"Personalisierte Ern\u00e4hrungspl\u00e4ne\"}]},{\"@type\":\"WebSite\",\"@id\":\"https:\\\/\\\/www.pecomcare.it\\\/de\\\/#website\",\"url\":\"https:\\\/\\\/www.pecomcare.it\\\/de\\\/\",\"name\":\"Pecom\",\"description\":\"Under Construction\",\"potentialAction\":[{\"@type\":\"SearchAction\",\"target\":{\"@type\":\"EntryPoint\",\"urlTemplate\":\"https:\\\/\\\/www.pecomcare.it\\\/de\\\/?s={search_term_string}\"},\"query-input\":{\"@type\":\"PropertyValueSpecification\",\"valueRequired\":true,\"valueName\":\"search_term_string\"}}],\"inLanguage\":\"de\"}]}<\/script>\n<!-- \/ Yoast SEO plugin. -->","yoast_head_json":{"title":"Ma\u00dfgeschneiderte Ern\u00e4hrung in Bozen - Personalisierte Ern\u00e4hrungspl\u00e4ne - %","description":"Ma\u00dfgeschneiderte Ern\u00e4hrung in Bozen: Ma\u00dfgeschneiderte Ern\u00e4hrung kann Ihnen helfen, Ihre Gesundheits- und Wellnessziele zu erreichen.","robots":{"index":"index","follow":"follow","max-snippet":"max-snippet:-1","max-image-preview":"max-image-preview:large","max-video-preview":"max-video-preview:-1"},"canonical":"https:\/\/www.pecomcare.it\/de\/personalisierte-ernaehrungsplaene\/","og_locale":"de_DE","og_type":"article","og_title":"Ma\u00dfgeschneiderte Ern\u00e4hrung in Bozen - Personalisierte Ern\u00e4hrungspl\u00e4ne - %","og_description":"Ma\u00dfgeschneiderte Ern\u00e4hrung in Bozen: Ma\u00dfgeschneiderte Ern\u00e4hrung kann Ihnen helfen, Ihre Gesundheits- und Wellnessziele zu erreichen.","og_url":"https:\/\/www.pecomcare.it\/de\/personalisierte-ernaehrungsplaene\/","og_site_name":"Pecom","article_modified_time":"2025-10-05T08:45:00+00:00","twitter_card":"summary_large_image","twitter_misc":{"Gesch\u00e4tzte Lesezeit":"6\u00a0Minuten"},"schema":{"@context":"https:\/\/schema.org","@graph":[{"@type":"WebPage","@id":"https:\/\/www.pecomcare.it\/de\/personalisierte-ernaehrungsplaene\/","url":"https:\/\/www.pecomcare.it\/de\/personalisierte-ernaehrungsplaene\/","name":"Ma\u00dfgeschneiderte Ern\u00e4hrung in Bozen - Personalisierte Ern\u00e4hrungspl\u00e4ne - %","isPartOf":{"@id":"https:\/\/www.pecomcare.it\/de\/#website"},"datePublished":"2024-07-31T13:35:35+00:00","dateModified":"2025-10-05T08:45:00+00:00","description":"Ma\u00dfgeschneiderte Ern\u00e4hrung in Bozen: Ma\u00dfgeschneiderte Ern\u00e4hrung kann Ihnen helfen, Ihre Gesundheits- und Wellnessziele zu erreichen.","breadcrumb":{"@id":"https:\/\/www.pecomcare.it\/de\/personalisierte-ernaehrungsplaene\/#breadcrumb"},"inLanguage":"de","potentialAction":[{"@type":"ReadAction","target":["https:\/\/www.pecomcare.it\/de\/personalisierte-ernaehrungsplaene\/"]}]},{"@type":"BreadcrumbList","@id":"https:\/\/www.pecomcare.it\/de\/personalisierte-ernaehrungsplaene\/#breadcrumb","itemListElement":[{"@type":"ListItem","position":1,"name":"Home","item":"https:\/\/www.pecomcare.it\/de\/"},{"@type":"ListItem","position":2,"name":"Personalisierte Ern\u00e4hrungspl\u00e4ne"}]},{"@type":"WebSite","@id":"https:\/\/www.pecomcare.it\/de\/#website","url":"https:\/\/www.pecomcare.it\/de\/","name":"Pecom","description":"Under Construction","potentialAction":[{"@type":"SearchAction","target":{"@type":"EntryPoint","urlTemplate":"https:\/\/www.pecomcare.it\/de\/?s={search_term_string}"},"query-input":{"@type":"PropertyValueSpecification","valueRequired":true,"valueName":"search_term_string"}}],"inLanguage":"de"}]}},"_links":{"self":[{"href":"https:\/\/www.pecomcare.it\/de\/wp-json\/wp\/v2\/pages\/11096","targetHints":{"allow":["GET"]}}],"collection":[{"href":"https:\/\/www.pecomcare.it\/de\/wp-json\/wp\/v2\/pages"}],"about":[{"href":"https:\/\/www.pecomcare.it\/de\/wp-json\/wp\/v2\/types\/page"}],"author":[{"embeddable":true,"href":"https:\/\/www.pecomcare.it\/de\/wp-json\/wp\/v2\/users\/3"}],"replies":[{"embeddable":true,"href":"https:\/\/www.pecomcare.it\/de\/wp-json\/wp\/v2\/comments?post=11096"}],"version-history":[{"count":4,"href":"https:\/\/www.pecomcare.it\/de\/wp-json\/wp\/v2\/pages\/11096\/revisions"}],"predecessor-version":[{"id":11884,"href":"https:\/\/www.pecomcare.it\/de\/wp-json\/wp\/v2\/pages\/11096\/revisions\/11884"}],"wp:attachment":[{"href":"https:\/\/www.pecomcare.it\/de\/wp-json\/wp\/v2\/media?parent=11096"}],"curies":[{"name":"wp","href":"https:\/\/api.w.org\/{rel}","templated":true}]}}